{"id":1775,"date":"2024-05-07T07:18:56","date_gmt":"2024-05-07T07:18:56","guid":{"rendered":"https:\/\/execairelive.wpenginepowered.com\/maintenance\/"},"modified":"2025-10-21T15:21:26","modified_gmt":"2025-10-21T15:21:26","slug":"maintenance-des-avions","status":"publish","type":"page","link":"https:\/\/execaireaviation.com\/fr\/maintenance-des-avions\/","title":{"rendered":"Maintenance des avions"},"content":{"rendered":"","protected":false},"excerpt":{"rendered":"","protected":false},"author":2,"featured_media":0,"parent":0,"menu_order":0,"comment_status":"closed","ping_status":"closed","template":"","meta":{"_acf_changed":false,"footnotes":""},"class_list":["post-1775","page","type-page","status-publish","hentry"],"acf":[],"yoast_head":"<!-- This site is optimized with the Yoast SEO Premium plugin v26.6 (Yoast SEO v26.6) - https:\/\/yoast.com\/wordpress\/plugins\/seo\/ -->\n<title>Maintenance des avions - Execaire Aviation<\/title>\n<meta name=\"robots\" content=\"index, follow, max-snippet:-1, max-image-preview:large, max-video-preview:-1\" \/>\n<link rel=\"canonical\" href=\"https:\/\/execaireaviation.com\/fr\/maintenance-des-avions\/\" \/>\n<meta property=\"og:locale\" content=\"fr_FR\" \/>\n<meta property=\"og:type\" content=\"article\" \/>\n<meta property=\"og:title\" content=\"Maintenance des avions\" \/>\n<meta property=\"og:url\" content=\"https:\/\/execaireaviation.com\/fr\/maintenance-des-avions\/\" \/>\n<meta property=\"og:site_name\" content=\"Execaire Aviation\" \/>\n<meta property=\"article:publisher\" content=\"https:\/\/www.facebook.com\/execaireaviation\/\" \/>\n<meta property=\"article:modified_time\" content=\"2025-10-21T15:21:26+00:00\" \/>\n<meta property=\"og:image\" content=\"https:\/\/execaireaviation.com\/wp-content\/uploads\/2024\/06\/Thumbnail-Youtube.jpg\" \/>\n\t<meta property=\"og:image:width\" content=\"1280\" \/>\n\t<meta property=\"og:image:height\" content=\"720\" \/>\n\t<meta property=\"og:image:type\" content=\"image\/jpeg\" \/>\n<meta name=\"twitter:card\" content=\"summary_large_image\" \/>\n<meta name=\"twitter:site\" content=\"@execaire\" \/>\n<meta name=\"twitter:label1\" content=\"Dur\u00e9e de lecture estim\u00e9e\" \/>\n\t<meta name=\"twitter:data1\" content=\"10 minutes\" \/>\n<script type=\"application\/ld+json\" class=\"yoast-schema-graph\">{\"@context\":\"https:\/\/schema.org\",\"@graph\":[{\"@type\":\"WebPage\",\"@id\":\"https:\/\/execaireaviation.com\/fr\/maintenance-des-avions\/\",\"url\":\"https:\/\/execaireaviation.com\/fr\/maintenance-des-avions\/\",\"name\":\"Maintenance des avions - Execaire Aviation\",\"isPartOf\":{\"@id\":\"https:\/\/execaireaviation.com\/fr\/#website\"},\"datePublished\":\"2024-05-07T07:18:56+00:00\",\"dateModified\":\"2025-10-21T15:21:26+00:00\",\"breadcrumb\":{\"@id\":\"https:\/\/execaireaviation.com\/fr\/maintenance-des-avions\/#breadcrumb\"},\"inLanguage\":\"fr-FR\",\"potentialAction\":[{\"@type\":\"ReadAction\",\"target\":[\"https:\/\/execaireaviation.com\/fr\/maintenance-des-avions\/\"]}]},{\"@type\":\"BreadcrumbList\",\"@id\":\"https:\/\/execaireaviation.com\/fr\/maintenance-des-avions\/#breadcrumb\",\"itemListElement\":[{\"@type\":\"ListItem\",\"position\":1,\"name\":\"Accueil\",\"item\":\"https:\/\/execaireaviation.com\/fr\/\"},{\"@type\":\"ListItem\",\"position\":2,\"name\":\"Maintenance des avions\"}]},{\"@type\":\"WebSite\",\"@id\":\"https:\/\/execaireaviation.com\/fr\/#website\",\"url\":\"https:\/\/execaireaviation.com\/fr\/\",\"name\":\"Execaire Aviation\",\"description\":\"Un h\u00e9ritage de confiance \u00e9volu\u00e9\",\"publisher\":{\"@id\":\"https:\/\/execaireaviation.com\/fr\/#organization\"},\"potentialAction\":[{\"@type\":\"SearchAction\",\"target\":{\"@type\":\"EntryPoint\",\"urlTemplate\":\"https:\/\/execaireaviation.com\/fr\/?s={search_term_string}\"},\"query-input\":{\"@type\":\"PropertyValueSpecification\",\"valueRequired\":true,\"valueName\":\"search_term_string\"}}],\"inLanguage\":\"fr-FR\"},{\"@type\":\"Organization\",\"@id\":\"https:\/\/execaireaviation.com\/fr\/#organization\",\"name\":\"Execaire Aviation\",\"url\":\"https:\/\/execaireaviation.com\/fr\/\",\"logo\":{\"@type\":\"ImageObject\",\"inLanguage\":\"fr-FR\",\"@id\":\"https:\/\/execaireaviation.com\/fr\/#\/schema\/logo\/image\/\",\"url\":\"https:\/\/execaireaviation.com\/wp-content\/uploads\/2024\/07\/Profile-Photo-400-x-400-px@1x.png\",\"contentUrl\":\"https:\/\/execaireaviation.com\/wp-content\/uploads\/2024\/07\/Profile-Photo-400-x-400-px@1x.png\",\"width\":400,\"height\":400,\"caption\":\"Execaire Aviation\"},\"image\":{\"@id\":\"https:\/\/execaireaviation.com\/fr\/#\/schema\/logo\/image\/\"},\"sameAs\":[\"https:\/\/www.facebook.com\/execaireaviation\/\",\"https:\/\/x.com\/execaire\",\"https:\/\/www.youtube.com\/@execaireaviation\",\"https:\/\/www.instagram.com\/execaireaviation\/\",\"https:\/\/www.linkedin.com\/company\/execaireaviation\"],\"description\":\"As a leading provider of aviation solutions and operators of private jets, Execaire Aviation offers a complete range of services including aircraft management, aircraft maintenance, aircraft charter and sales, as well as FBO services.\",\"email\":\"info@execaire.com\",\"telephone\":\"514-636-7070\",\"foundingDate\":\"1955-01-16\",\"numberOfEmployees\":{\"@type\":\"QuantitativeValue\",\"minValue\":\"501\",\"maxValue\":\"1000\"},\"publishingPrinciples\":\"https:\/\/execaireaviation.com\/privacy-policy\/\",\"ethicsPolicy\":\"https:\/\/execaireaviation.com\/careers\/\",\"diversityPolicy\":\"https:\/\/execaireaviation.com\/careers\/\"}]}<\/script>\n<!-- \/ Yoast SEO Premium plugin. -->","yoast_head_json":{"title":"Maintenance des avions - Execaire Aviation","robots":{"index":"index","follow":"follow","max-snippet":"max-snippet:-1","max-image-preview":"max-image-preview:large","max-video-preview":"max-video-preview:-1"},"canonical":"https:\/\/execaireaviation.com\/fr\/maintenance-des-avions\/","og_locale":"fr_FR","og_type":"article","og_title":"Maintenance des avions","og_url":"https:\/\/execaireaviation.com\/fr\/maintenance-des-avions\/","og_site_name":"Execaire Aviation","article_publisher":"https:\/\/www.facebook.com\/execaireaviation\/","article_modified_time":"2025-10-21T15:21:26+00:00","og_image":[{"width":1280,"height":720,"url":"https:\/\/execaireaviation.com\/wp-content\/uploads\/2024\/06\/Thumbnail-Youtube.jpg","type":"image\/jpeg"}],"twitter_card":"summary_large_image","twitter_site":"@execaire","twitter_misc":{"Dur\u00e9e de lecture estim\u00e9e":"10 minutes"},"schema":{"@context":"https:\/\/schema.org","@graph":[{"@type":"WebPage","@id":"https:\/\/execaireaviation.com\/fr\/maintenance-des-avions\/","url":"https:\/\/execaireaviation.com\/fr\/maintenance-des-avions\/","name":"Maintenance des avions - Execaire Aviation","isPartOf":{"@id":"https:\/\/execaireaviation.com\/fr\/#website"},"datePublished":"2024-05-07T07:18:56+00:00","dateModified":"2025-10-21T15:21:26+00:00","breadcrumb":{"@id":"https:\/\/execaireaviation.com\/fr\/maintenance-des-avions\/#breadcrumb"},"inLanguage":"fr-FR","potentialAction":[{"@type":"ReadAction","target":["https:\/\/execaireaviation.com\/fr\/maintenance-des-avions\/"]}]},{"@type":"BreadcrumbList","@id":"https:\/\/execaireaviation.com\/fr\/maintenance-des-avions\/#breadcrumb","itemListElement":[{"@type":"ListItem","position":1,"name":"Accueil","item":"https:\/\/execaireaviation.com\/fr\/"},{"@type":"ListItem","position":2,"name":"Maintenance des avions"}]},{"@type":"WebSite","@id":"https:\/\/execaireaviation.com\/fr\/#website","url":"https:\/\/execaireaviation.com\/fr\/","name":"Execaire Aviation","description":"Un h\u00e9ritage de confiance \u00e9volu\u00e9","publisher":{"@id":"https:\/\/execaireaviation.com\/fr\/#organization"},"potentialAction":[{"@type":"SearchAction","target":{"@type":"EntryPoint","urlTemplate":"https:\/\/execaireaviation.com\/fr\/?s={search_term_string}"},"query-input":{"@type":"PropertyValueSpecification","valueRequired":true,"valueName":"search_term_string"}}],"inLanguage":"fr-FR"},{"@type":"Organization","@id":"https:\/\/execaireaviation.com\/fr\/#organization","name":"Execaire Aviation","url":"https:\/\/execaireaviation.com\/fr\/","logo":{"@type":"ImageObject","inLanguage":"fr-FR","@id":"https:\/\/execaireaviation.com\/fr\/#\/schema\/logo\/image\/","url":"https:\/\/execaireaviation.com\/wp-content\/uploads\/2024\/07\/Profile-Photo-400-x-400-px@1x.png","contentUrl":"https:\/\/execaireaviation.com\/wp-content\/uploads\/2024\/07\/Profile-Photo-400-x-400-px@1x.png","width":400,"height":400,"caption":"Execaire Aviation"},"image":{"@id":"https:\/\/execaireaviation.com\/fr\/#\/schema\/logo\/image\/"},"sameAs":["https:\/\/www.facebook.com\/execaireaviation\/","https:\/\/x.com\/execaire","https:\/\/www.youtube.com\/@execaireaviation","https:\/\/www.instagram.com\/execaireaviation\/","https:\/\/www.linkedin.com\/company\/execaireaviation"],"description":"As a leading provider of aviation solutions and operators of private jets, Execaire Aviation offers a complete range of services including aircraft management, aircraft maintenance, aircraft charter and sales, as well as FBO services.","email":"info@execaire.com","telephone":"514-636-7070","foundingDate":"1955-01-16","numberOfEmployees":{"@type":"QuantitativeValue","minValue":"501","maxValue":"1000"},"publishingPrinciples":"https:\/\/execaireaviation.com\/privacy-policy\/","ethicsPolicy":"https:\/\/execaireaviation.com\/careers\/","diversityPolicy":"https:\/\/execaireaviation.com\/careers\/"}]}},"_links":{"self":[{"href":"https:\/\/execaireaviation.com\/fr\/wp-json\/wp\/v2\/pages\/1775","targetHints":{"allow":["GET"]}}],"collection":[{"href":"https:\/\/execaireaviation.com\/fr\/wp-json\/wp\/v2\/pages"}],"about":[{"href":"https:\/\/execaireaviation.com\/fr\/wp-json\/wp\/v2\/types\/page"}],"author":[{"embeddable":true,"href":"https:\/\/execaireaviation.com\/fr\/wp-json\/wp\/v2\/users\/2"}],"replies":[{"embeddable":true,"href":"https:\/\/execaireaviation.com\/fr\/wp-json\/wp\/v2\/comments?post=1775"}],"version-history":[{"count":0,"href":"https:\/\/execaireaviation.com\/fr\/wp-json\/wp\/v2\/pages\/1775\/revisions"}],"wp:attachment":[{"href":"https:\/\/execaireaviation.com\/fr\/wp-json\/wp\/v2\/media?parent=1775"}],"curies":[{"name":"wp","href":"https:\/\/api.w.org\/{rel}","templated":true}]}}