{"id":1809,"date":"2024-04-26T09:00:50","date_gmt":"2024-04-26T09:00:50","guid":{"rendered":"https:\/\/execairelive.wpenginepowered.com\/request-quote-charter\/"},"modified":"2024-07-04T18:08:04","modified_gmt":"2024-07-04T18:08:04","slug":"affretement-de-jets-prives","status":"publish","type":"page","link":"https:\/\/execaireaviation.com\/fr\/affretement-de-jets-prives\/","title":{"rendered":"Demande de devis pour affr\u00e8tement"},"content":{"rendered":"<p>Faites l&rsquo;exp\u00e9rience du luxe et de la commodit\u00e9 avec nos affr\u00e8tements de jets priv\u00e9s. Notre \u00e9quipe d\u00e9vou\u00e9e \u00e9laborera un devis personnalis\u00e9 qui correspondra parfaitement \u00e0 vos besoins et \u00e0 vos pr\u00e9f\u00e9rences en mati\u00e8re de voyage. Avec l&rsquo;acc\u00e8s \u00e0 une flotte exclusive d&rsquo;avions et un engagement de service exceptionnel, nous garantissons une exp\u00e9rience d&rsquo;affr\u00e8tement de jet priv\u00e9 in\u00e9gal\u00e9e. Contactez-nous d\u00e8s aujourd&rsquo;hui et laissez-nous \u00e9lever votre voyage vers de nouveaux sommets.<\/p>\n","protected":false},"excerpt":{"rendered":"<p>Faites l&rsquo;exp\u00e9rience du luxe et de la commodit\u00e9 avec nos affr\u00e8tements de jets priv\u00e9s. Notre \u00e9quipe d\u00e9vou\u00e9e \u00e9laborera un devis personnalis\u00e9 qui correspondra parfaitement \u00e0 vos besoins et \u00e0 vos pr\u00e9f\u00e9rences en mati\u00e8re de voyage. Avec l&rsquo;acc\u00e8s \u00e0 une flotte exclusive d&rsquo;avions et un engagement de service exceptionnel, nous garantissons une exp\u00e9rience d&rsquo;affr\u00e8tement de jet [&hellip;]<\/p>\n","protected":false},"author":2,"featured_media":1887,"parent":0,"menu_order":0,"comment_status":"closed","ping_status":"closed","template":"","meta":{"_acf_changed":false,"footnotes":""},"class_list":["post-1809","page","type-page","status-publish","has-post-thumbnail","hentry"],"acf":[],"yoast_head":"<!-- This site is optimized with the Yoast SEO Premium plugin v26.6 (Yoast SEO v26.6) - https:\/\/yoast.com\/wordpress\/plugins\/seo\/ -->\n<title>Affr\u00e8tements de jets priv\u00e9s - Demande de devis Execaire Aviation<\/title>\n<meta name=\"description\" content=\"Exp\u00e9rience de luxe assur\u00e9e avec nos affr\u00e8tements de jets priv\u00e9s. Obtenez un devis personnalis\u00e9 d\u00e8s aujourd&#039;hui pour un voyage exceptionnel.\" \/>\n<meta name=\"robots\" content=\"index, follow, max-snippet:-1, max-image-preview:large, max-video-preview:-1\" \/>\n<link rel=\"canonical\" href=\"https:\/\/execaireaviation.com\/fr\/affretement-de-jets-prives\/\" \/>\n<meta property=\"og:locale\" content=\"fr_FR\" \/>\n<meta property=\"og:type\" content=\"article\" \/>\n<meta property=\"og:title\" content=\"Private Jet Charters - Request A Quote\" \/>\n<meta property=\"og:description\" content=\"Exp\u00e9rience de luxe assur\u00e9e avec nos affr\u00e8tements de jets priv\u00e9s. Obtenez un devis personnalis\u00e9 d\u00e8s aujourd&#039;hui pour un voyage exceptionnel.\" \/>\n<meta property=\"og:url\" content=\"https:\/\/execaireaviation.com\/fr\/affretement-de-jets-prives\/\" \/>\n<meta property=\"og:site_name\" content=\"Execaire Aviation\" \/>\n<meta property=\"article:publisher\" content=\"https:\/\/www.facebook.com\/execaireaviation\/\" \/>\n<meta property=\"article:modified_time\" content=\"2024-07-04T18:08:04+00:00\" \/>\n<meta property=\"og:image\" content=\"https:\/\/execaireaviation.com\/wp-content\/uploads\/2024\/05\/details-image-1-1.webp\" \/>\n\t<meta property=\"og:image:width\" content=\"900\" \/>\n\t<meta property=\"og:image:height\" content=\"900\" \/>\n\t<meta property=\"og:image:type\" content=\"image\/webp\" \/>\n<meta name=\"twitter:card\" content=\"summary_large_image\" \/>\n<meta name=\"twitter:title\" content=\"Private Jet Charters - Request A Quote\" \/>\n<meta name=\"twitter:site\" content=\"@execaire\" \/>\n<meta name=\"twitter:label1\" content=\"Dur\u00e9e de lecture estim\u00e9e\" \/>\n\t<meta name=\"twitter:data1\" content=\"1 minute\" \/>\n<script type=\"application\/ld+json\" class=\"yoast-schema-graph\">{\"@context\":\"https:\/\/schema.org\",\"@graph\":[{\"@type\":\"WebPage\",\"@id\":\"https:\/\/execaireaviation.com\/fr\/affretement-de-jets-prives\/\",\"url\":\"https:\/\/execaireaviation.com\/fr\/affretement-de-jets-prives\/\",\"name\":\"Affr\u00e8tements de jets priv\u00e9s - Demande de devis Execaire Aviation\",\"isPartOf\":{\"@id\":\"https:\/\/execaireaviation.com\/fr\/#website\"},\"primaryImageOfPage\":{\"@id\":\"https:\/\/execaireaviation.com\/fr\/affretement-de-jets-prives\/#primaryimage\"},\"image\":{\"@id\":\"https:\/\/execaireaviation.com\/fr\/affretement-de-jets-prives\/#primaryimage\"},\"thumbnailUrl\":\"https:\/\/execaireaviation.com\/wp-content\/uploads\/2024\/05\/details-image-1-1.webp\",\"datePublished\":\"2024-04-26T09:00:50+00:00\",\"dateModified\":\"2024-07-04T18:08:04+00:00\",\"description\":\"Exp\u00e9rience de luxe assur\u00e9e avec nos affr\u00e8tements de jets priv\u00e9s. Obtenez un devis personnalis\u00e9 d\u00e8s aujourd'hui pour un voyage exceptionnel.\",\"breadcrumb\":{\"@id\":\"https:\/\/execaireaviation.com\/fr\/affretement-de-jets-prives\/#breadcrumb\"},\"inLanguage\":\"fr-FR\",\"potentialAction\":[{\"@type\":\"ReadAction\",\"target\":[\"https:\/\/execaireaviation.com\/fr\/affretement-de-jets-prives\/\"]}]},{\"@type\":\"ImageObject\",\"inLanguage\":\"fr-FR\",\"@id\":\"https:\/\/execaireaviation.com\/fr\/affretement-de-jets-prives\/#primaryimage\",\"url\":\"https:\/\/execaireaviation.com\/wp-content\/uploads\/2024\/05\/details-image-1-1.webp\",\"contentUrl\":\"https:\/\/execaireaviation.com\/wp-content\/uploads\/2024\/05\/details-image-1-1.webp\",\"width\":900,\"height\":900,\"caption\":\"Aviation Solutions Personalized\"},{\"@type\":\"BreadcrumbList\",\"@id\":\"https:\/\/execaireaviation.com\/fr\/affretement-de-jets-prives\/#breadcrumb\",\"itemListElement\":[{\"@type\":\"ListItem\",\"position\":1,\"name\":\"Accueil\",\"item\":\"https:\/\/execaireaviation.com\/fr\/\"},{\"@type\":\"ListItem\",\"position\":2,\"name\":\"Demande de devis pour affr\u00e8tement\"}]},{\"@type\":\"WebSite\",\"@id\":\"https:\/\/execaireaviation.com\/fr\/#website\",\"url\":\"https:\/\/execaireaviation.com\/fr\/\",\"name\":\"Execaire Aviation\",\"description\":\"Un h\u00e9ritage de confiance \u00e9volu\u00e9\",\"publisher\":{\"@id\":\"https:\/\/execaireaviation.com\/fr\/#organization\"},\"potentialAction\":[{\"@type\":\"SearchAction\",\"target\":{\"@type\":\"EntryPoint\",\"urlTemplate\":\"https:\/\/execaireaviation.com\/fr\/?s={search_term_string}\"},\"query-input\":{\"@type\":\"PropertyValueSpecification\",\"valueRequired\":true,\"valueName\":\"search_term_string\"}}],\"inLanguage\":\"fr-FR\"},{\"@type\":\"Organization\",\"@id\":\"https:\/\/execaireaviation.com\/fr\/#organization\",\"name\":\"Execaire Aviation\",\"url\":\"https:\/\/execaireaviation.com\/fr\/\",\"logo\":{\"@type\":\"ImageObject\",\"inLanguage\":\"fr-FR\",\"@id\":\"https:\/\/execaireaviation.com\/fr\/#\/schema\/logo\/image\/\",\"url\":\"https:\/\/execaireaviation.com\/wp-content\/uploads\/2024\/07\/Profile-Photo-400-x-400-px@1x.png\",\"contentUrl\":\"https:\/\/execaireaviation.com\/wp-content\/uploads\/2024\/07\/Profile-Photo-400-x-400-px@1x.png\",\"width\":400,\"height\":400,\"caption\":\"Execaire Aviation\"},\"image\":{\"@id\":\"https:\/\/execaireaviation.com\/fr\/#\/schema\/logo\/image\/\"},\"sameAs\":[\"https:\/\/www.facebook.com\/execaireaviation\/\",\"https:\/\/x.com\/execaire\",\"https:\/\/www.youtube.com\/@execaireaviation\",\"https:\/\/www.instagram.com\/execaireaviation\/\",\"https:\/\/www.linkedin.com\/company\/execaireaviation\"],\"description\":\"As a leading provider of aviation solutions and operators of private jets, Execaire Aviation offers a complete range of services including aircraft management, aircraft maintenance, aircraft charter and sales, as well as FBO services.\",\"email\":\"info@execaire.com\",\"telephone\":\"514-636-7070\",\"foundingDate\":\"1955-01-16\",\"numberOfEmployees\":{\"@type\":\"QuantitativeValue\",\"minValue\":\"501\",\"maxValue\":\"1000\"},\"publishingPrinciples\":\"https:\/\/execaireaviation.com\/privacy-policy\/\",\"ethicsPolicy\":\"https:\/\/execaireaviation.com\/careers\/\",\"diversityPolicy\":\"https:\/\/execaireaviation.com\/careers\/\"}]}<\/script>\n<!-- \/ Yoast SEO Premium plugin. -->","yoast_head_json":{"title":"Affr\u00e8tements de jets priv\u00e9s - Demande de devis Execaire Aviation","description":"Exp\u00e9rience de luxe assur\u00e9e avec nos affr\u00e8tements de jets priv\u00e9s. Obtenez un devis personnalis\u00e9 d\u00e8s aujourd'hui pour un voyage exceptionnel.","robots":{"index":"index","follow":"follow","max-snippet":"max-snippet:-1","max-image-preview":"max-image-preview:large","max-video-preview":"max-video-preview:-1"},"canonical":"https:\/\/execaireaviation.com\/fr\/affretement-de-jets-prives\/","og_locale":"fr_FR","og_type":"article","og_title":"Private Jet Charters - Request A Quote","og_description":"Exp\u00e9rience de luxe assur\u00e9e avec nos affr\u00e8tements de jets priv\u00e9s. Obtenez un devis personnalis\u00e9 d\u00e8s aujourd'hui pour un voyage exceptionnel.","og_url":"https:\/\/execaireaviation.com\/fr\/affretement-de-jets-prives\/","og_site_name":"Execaire Aviation","article_publisher":"https:\/\/www.facebook.com\/execaireaviation\/","article_modified_time":"2024-07-04T18:08:04+00:00","og_image":[{"width":900,"height":900,"url":"https:\/\/execaireaviation.com\/wp-content\/uploads\/2024\/05\/details-image-1-1.webp","type":"image\/webp"}],"twitter_card":"summary_large_image","twitter_title":"Private Jet Charters - Request A Quote","twitter_site":"@execaire","twitter_misc":{"Dur\u00e9e de lecture estim\u00e9e":"1 minute"},"schema":{"@context":"https:\/\/schema.org","@graph":[{"@type":"WebPage","@id":"https:\/\/execaireaviation.com\/fr\/affretement-de-jets-prives\/","url":"https:\/\/execaireaviation.com\/fr\/affretement-de-jets-prives\/","name":"Affr\u00e8tements de jets priv\u00e9s - Demande de devis Execaire Aviation","isPartOf":{"@id":"https:\/\/execaireaviation.com\/fr\/#website"},"primaryImageOfPage":{"@id":"https:\/\/execaireaviation.com\/fr\/affretement-de-jets-prives\/#primaryimage"},"image":{"@id":"https:\/\/execaireaviation.com\/fr\/affretement-de-jets-prives\/#primaryimage"},"thumbnailUrl":"https:\/\/execaireaviation.com\/wp-content\/uploads\/2024\/05\/details-image-1-1.webp","datePublished":"2024-04-26T09:00:50+00:00","dateModified":"2024-07-04T18:08:04+00:00","description":"Exp\u00e9rience de luxe assur\u00e9e avec nos affr\u00e8tements de jets priv\u00e9s. Obtenez un devis personnalis\u00e9 d\u00e8s aujourd'hui pour un voyage exceptionnel.","breadcrumb":{"@id":"https:\/\/execaireaviation.com\/fr\/affretement-de-jets-prives\/#breadcrumb"},"inLanguage":"fr-FR","potentialAction":[{"@type":"ReadAction","target":["https:\/\/execaireaviation.com\/fr\/affretement-de-jets-prives\/"]}]},{"@type":"ImageObject","inLanguage":"fr-FR","@id":"https:\/\/execaireaviation.com\/fr\/affretement-de-jets-prives\/#primaryimage","url":"https:\/\/execaireaviation.com\/wp-content\/uploads\/2024\/05\/details-image-1-1.webp","contentUrl":"https:\/\/execaireaviation.com\/wp-content\/uploads\/2024\/05\/details-image-1-1.webp","width":900,"height":900,"caption":"Aviation Solutions Personalized"},{"@type":"BreadcrumbList","@id":"https:\/\/execaireaviation.com\/fr\/affretement-de-jets-prives\/#breadcrumb","itemListElement":[{"@type":"ListItem","position":1,"name":"Accueil","item":"https:\/\/execaireaviation.com\/fr\/"},{"@type":"ListItem","position":2,"name":"Demande de devis pour affr\u00e8tement"}]},{"@type":"WebSite","@id":"https:\/\/execaireaviation.com\/fr\/#website","url":"https:\/\/execaireaviation.com\/fr\/","name":"Execaire Aviation","description":"Un h\u00e9ritage de confiance \u00e9volu\u00e9","publisher":{"@id":"https:\/\/execaireaviation.com\/fr\/#organization"},"potentialAction":[{"@type":"SearchAction","target":{"@type":"EntryPoint","urlTemplate":"https:\/\/execaireaviation.com\/fr\/?s={search_term_string}"},"query-input":{"@type":"PropertyValueSpecification","valueRequired":true,"valueName":"search_term_string"}}],"inLanguage":"fr-FR"},{"@type":"Organization","@id":"https:\/\/execaireaviation.com\/fr\/#organization","name":"Execaire Aviation","url":"https:\/\/execaireaviation.com\/fr\/","logo":{"@type":"ImageObject","inLanguage":"fr-FR","@id":"https:\/\/execaireaviation.com\/fr\/#\/schema\/logo\/image\/","url":"https:\/\/execaireaviation.com\/wp-content\/uploads\/2024\/07\/Profile-Photo-400-x-400-px@1x.png","contentUrl":"https:\/\/execaireaviation.com\/wp-content\/uploads\/2024\/07\/Profile-Photo-400-x-400-px@1x.png","width":400,"height":400,"caption":"Execaire Aviation"},"image":{"@id":"https:\/\/execaireaviation.com\/fr\/#\/schema\/logo\/image\/"},"sameAs":["https:\/\/www.facebook.com\/execaireaviation\/","https:\/\/x.com\/execaire","https:\/\/www.youtube.com\/@execaireaviation","https:\/\/www.instagram.com\/execaireaviation\/","https:\/\/www.linkedin.com\/company\/execaireaviation"],"description":"As a leading provider of aviation solutions and operators of private jets, Execaire Aviation offers a complete range of services including aircraft management, aircraft maintenance, aircraft charter and sales, as well as FBO services.","email":"info@execaire.com","telephone":"514-636-7070","foundingDate":"1955-01-16","numberOfEmployees":{"@type":"QuantitativeValue","minValue":"501","maxValue":"1000"},"publishingPrinciples":"https:\/\/execaireaviation.com\/privacy-policy\/","ethicsPolicy":"https:\/\/execaireaviation.com\/careers\/","diversityPolicy":"https:\/\/execaireaviation.com\/careers\/"}]}},"_links":{"self":[{"href":"https:\/\/execaireaviation.com\/fr\/wp-json\/wp\/v2\/pages\/1809","targetHints":{"allow":["GET"]}}],"collection":[{"href":"https:\/\/execaireaviation.com\/fr\/wp-json\/wp\/v2\/pages"}],"about":[{"href":"https:\/\/execaireaviation.com\/fr\/wp-json\/wp\/v2\/types\/page"}],"author":[{"embeddable":true,"href":"https:\/\/execaireaviation.com\/fr\/wp-json\/wp\/v2\/users\/2"}],"replies":[{"embeddable":true,"href":"https:\/\/execaireaviation.com\/fr\/wp-json\/wp\/v2\/comments?post=1809"}],"version-history":[{"count":0,"href":"https:\/\/execaireaviation.com\/fr\/wp-json\/wp\/v2\/pages\/1809\/revisions"}],"wp:featuredmedia":[{"embeddable":true,"href":"https:\/\/execaireaviation.com\/fr\/wp-json\/wp\/v2\/media\/1887"}],"wp:attachment":[{"href":"https:\/\/execaireaviation.com\/fr\/wp-json\/wp\/v2\/media?parent=1809"}],"curies":[{"name":"wp","href":"https:\/\/api.w.org\/{rel}","templated":true}]}}